{"id":2967,"date":"2021-05-07T14:52:37","date_gmt":"2021-05-07T14:52:37","guid":{"rendered":"https:\/\/dukatoil.com\/sto-kontakty\/"},"modified":"2023-06-30T12:38:34","modified_gmt":"2023-06-30T12:38:34","slug":"sto-kontakty","status":"publish","type":"page","link":"https:\/\/dukatoil.com\/pl\/sto-kontakty\/","title":{"rendered":"Kontakty &#8211; Centrum obs\u0142ugi samochod\u00f3w Dukatoil"},"content":{"rendered":"<p>[vc_row css=&#8221;.vc_custom_1608712755059{margin-top: 40px !important;}&#8221;][vc_column]<div id=\"ultimate-heading-350669e7bce18ba32\" class=\"uvc-heading ult-adjust-bottom-margin ultimate-heading-350669e7bce18ba32 uvc-1311 \" data-hspacer=\"no_spacer\"  data-halign=\"left\" style=\"text-align:left\"><div class=\"uvc-heading-spacer no_spacer\" style=\"top\"><\/div><div class=\"uvc-main-heading ult-responsive\"  data-ultimate-target='.uvc-heading.ultimate-heading-350669e7bce18ba32 h1'  data-responsive-json-new='{\"font-size\":\"desktop:40px;\",\"line-height\":\"desktop:50px;\"}' ><h1 style=\"font-family:&#039;Oswald&#039;;font-weight:bold;color:#000000;\">Kontakty - Centrum obs\u0142ugi samochod\u00f3w Ducatoil<\/h1><\/div><\/div>[\/vc_column][\/vc_row][vc_row equal_height=&#8221;yes&#8221; bg_type=&#8221;image&#8221; parallax_style=&#8221;vcpb-default&#8221; bg_image_new=&#8221;id^940|url^http:\/\/wordpress1776411.home.pl\/autoinstalator\/wordpressplus9\/wp-content\/uploads\/2018\/06\/race.jpg|caption^null|alt^null|title^race|description^null&#8221; bg_override=&#8221;ex-full&#8221; type=&#8221;vc_default&#8221; css=&#8221;.vc_custom_1620399413377{margin-top: 40px !important;}&#8221;][vc_column width=&#8221;2\/3&#8243;][\/vc_column][vc_column width=&#8221;1\/3&#8243;]<div id=\"ultimate-heading-794769e7bce18ba7f\" class=\"uvc-heading ult-adjust-bottom-margin ultimate-heading-794769e7bce18ba7f uvc-2511 accent-title-color color-title\" data-hspacer=\"no_spacer\"  data-halign=\"left\" style=\"text-align:left\"><div class=\"uvc-heading-spacer no_spacer\" style=\"top\"><\/div><div class=\"uvc-sub-heading ult-responsive\"  data-ultimate-target='.uvc-heading.ultimate-heading-794769e7bce18ba7f .uvc-sub-heading '  data-responsive-json-new='{\"font-size\":\"desktop:40px;\",\"line-height\":\"desktop:50px;\"}'  style=\"font-family:&#039;Oswald&#039;;font-weight:bold;color:#ffffff;margin-top:60px;margin-bottom:10px;\">CZEKAMY NA CIEBIE<\/div><\/div><div class=\"aio-icon-component    style_1\"><div id=\"Info-box-wrap-7084\" class=\"aio-icon-box default-icon\" style=\"\"  ><div class=\"aio-icon-description ult-responsive\"  data-ultimate-target='#Info-box-wrap-7084 .aio-icon-description'  data-responsive-json-new='{\"font-size\":\"desktop:26px;\",\"line-height\":\"desktop:36px;\"}'  style=\"color:#eeee22;\"><strong>miasto \u0141uck, ul. Stusa 9<\/strong><\/div> <!-- description --><\/div> <!-- aio-icon-box --><\/div> <!-- aio-icon-component --><div id=\"ultimate-heading-886769e7bce18bbf1\" class=\"uvc-heading ult-adjust-bottom-margin ultimate-heading-886769e7bce18bbf1 uvc-2291 accent-title-color color-title\" data-hspacer=\"no_spacer\"  data-halign=\"left\" style=\"text-align:left\"><div class=\"uvc-heading-spacer no_spacer\" style=\"top\"><\/div><div class=\"uvc-sub-heading ult-responsive\"  data-ultimate-target='.uvc-heading.ultimate-heading-886769e7bce18bbf1 .uvc-sub-heading '  data-responsive-json-new='{\"font-size\":\"desktop:50px;\",\"line-height\":\"desktop:60px;\"}'  style=\"font-family:&#039;Oswald&#039;;font-weight:bold;color:#ffffff;margin-bottom:40px;\">050 150 55 00<\/div><\/div><div class=\"aio-icon-component  vc_custom_1607171617403   style_1\"><div id=\"Info-box-wrap-4587\" class=\"aio-icon-box default-icon\" style=\"\"  ><div class=\"aio-icon-description ult-responsive\"  data-ultimate-target='#Info-box-wrap-4587 .aio-icon-description'  data-responsive-json-new='{\"font-size\":\"desktop:22px;\",\"line-height\":\"desktop:36px;\"}'  style=\"color:#ffffff;\"><strong>8:00 &#8211; 20:00 &#8211; Poniedzia\u0142ek<br \/>\n8:00 &#8211; 20:00 &#8211; Wtorek<br \/>\n8:00 &#8211; 20:00 &#8211; \u015aroda<br \/>\n8:00 &#8211; 20:00 &#8211; Czwartek<br \/>\n8:00 &#8211; 20:00 &#8211; Pi\u0105tek<br \/>\n8:00 &#8211; 15:30 &#8211; Sobota<br \/>\nDzie\u0144 wolny &#8211; Niedziela<br \/>\n<\/strong><\/div> <!-- description --><\/div> <!-- aio-icon-box --><\/div> <!-- aio-icon-component -->[\/vc_column][\/vc_row][vc_row equal_height=&#8221;yes&#8221; type=&#8221;vc_default&#8221; css=&#8221;.vc_custom_1521675338710{margin-top: 40px !important;}&#8221;][vc_column]<div id=\"ultimate-heading-553869e7bce18bcb0\" class=\"uvc-heading ult-adjust-bottom-margin ultimate-heading-553869e7bce18bcb0 uvc-7219 accent-title-color color-title\" data-hspacer=\"no_spacer\"  data-halign=\"center\" style=\"text-align:center\"><div class=\"uvc-heading-spacer no_spacer\" style=\"top\"><\/div><div class=\"uvc-main-heading ult-responsive\"  data-ultimate-target='.uvc-heading.ultimate-heading-553869e7bce18bcb0 h2'  data-responsive-json-new='{\"font-size\":\"desktop:40px;\",\"line-height\":\"desktop:50px;\"}' ><h2 style=\"font-family:&#039;Oswald&#039;;font-weight:bold;margin-bottom:20px;\">Serwis samochodowy \/ stacja obs\u0142ugi w \u0141ucku<\/h2><\/div><div class=\"uvc-sub-heading ult-responsive\"  data-ultimate-target='.uvc-heading.ultimate-heading-553869e7bce18bcb0 .uvc-sub-heading '  data-responsive-json-new='{\"font-size\":\"desktop:32px;\",\"line-height\":\"desktop:42px;\"}'  style=\"font-family:&#039;Oswald&#039;;font-weight:bold;color:#000000;\"><\/p>\n<p style=\"text-align: center;\">Wskaz\u00f3wki:<\/p>\n<p><\/div><\/div>[\/vc_column][\/vc_row][vc_row equal_height=&#8221;yes&#8221; type=&#8221;vc_default&#8221; css=&#8221;.vc_custom_1521675338710{margin-top: 40px !important;}&#8221;][vc_column][vc_gmaps link=&#8221;#E-8_JTNDaWZyYW1lJTIwc3JjJTNEJTIyaHR0cHMlM0ElMkYlMkZ3d3cuZ29vZ2xlLmNvbSUyRm1hcHMlMkZlbWJlZCUzRnBiJTNEJTIxMW0xOCUyMTFtMTIlMjExbTMlMjExZDI1MjIuODE0OTk2NjYyNjMxJTIxMmQyNS4zNDk3ODIyMTU2NjAwNDYlMjEzZDUwLjc3OTAwMjk3OTUyMjEzJTIxMm0zJTIxMWYwJTIxMmYwJTIxM2YwJTIxM20yJTIxMWkxMDI0JTIxMmk3NjglMjE0ZjEzLjElMjEzbTMlMjExbTIlMjExczB4NDcyNTk5ZWYzMGM1YzhjMyUyNTNBMHg0MGQ0N2RmMDE0NDUyNTMwJTIxMnNEdWthdG9pbCUyMTVlMCUyMTNtMiUyMTFzcGwlMjEyc3VhJTIxNHYxNTIxNjc4MTg4Nzk2JTIyJTIwd2lkdGglM0QlMjIxNDAwJTIyJTIwaGVpZ2h0JTNEJTIyNjAwJTIyJTIwZnJhbWVib3JkZXIlM0QlMjIwJTIyJTIwc3R5bGUlM0QlMjJib3JkZXIlM0EwJTIyJTIwYWxsb3dmdWxsc2NyZWVuJTNEJTIyJTIyJTNFJTNDJTJGaWZyYW1lJTNF&#8221; css=&#8221;.vc_custom_1528831125031{margin-right: -100px !important;margin-left: -100px !important;}&#8221;][vc_row_inner][vc_column_inner][\/vc_column_inner][\/vc_row_inner][\/vc_column][\/vc_row]<\/p>\n","protected":false},"excerpt":{"rendered":"<p>[vc_row css=&#8221;.vc_custom_1608712755059{margin-top: 40px !important;}&#8221;][vc_column][\/vc_column][\/vc_row][vc_row equal_height=&#8221;yes&#8221; bg_type=&#8221;image&#8221; parallax_style=&#8221;vcpb-default&#8221; bg_image_new=&#8221;id^940|url^http:\/\/wordpress1776411.home.pl\/autoinstalator\/wordpressplus9\/wp-content\/uploads\/2018\/06\/race.jpg|caption^null|alt^null|title^race|description^null&#8221; bg_override=&#8221;ex-full&#8221; type=&#8221;vc_default&#8221; css=&#8221;.vc_custom_1620399413377{margin-top: 40px !important;}&#8221;][vc_column width=&#8221;2\/3&#8243;][\/vc_column][vc_column width=&#8221;1\/3&#8243;][\/vc_column][\/vc_row][vc_row equal_height=&#8221;yes&#8221; type=&#8221;vc_default&#8221; css=&#8221;.vc_custom_1521675338710{margin-top: 40px !important;}&#8221;][vc_column][\/vc_column][\/vc_row][vc_row equal_height=&#8221;yes&#8221; type=&#8221;vc_default&#8221; css=&#8221;.vc_custom_1521675338710{margin-top: 40px !important;}&#8221;][vc_column][vc_gmaps link=&#8221;#E-8_JTNDaWZyYW1lJTIwc3JjJTNEJTIyaHR0cHMlM0ElMkYlMkZ3d3cuZ29vZ2xlLmNvbSUyRm1hcHMlMkZlbWJlZCUzRnBiJTNEJTIxMW0xOCUyMTFtMTIlMjExbTMlMjExZDI1MjIuODE0OTk2NjYyNjMxJTIxMmQyNS4zNDk3ODIyMTU2NjAwNDYlMjEzZDUwLjc3OTAwMjk3OTUyMjEzJTIxMm0zJTIxMWYwJTIxMmYwJTIxM2YwJTIxM20yJTIxMWkxMDI0JTIxMmk3NjglMjE0ZjEzLjElMjEzbTMlMjExbTIlMjExczB4NDcyNTk5ZWYzMGM1YzhjMyUyNTNBMHg0MGQ0N2RmMDE0NDUyNTMwJTIxMnNEdWthdG9pbCUyMTVlMCUyMTNtMiUyMTFzcGwlMjEyc3VhJTIxNHYxNTIxNjc4MTg4Nzk2JTIyJTIwd2lkdGglM0QlMjIxNDAwJTIyJTIwaGVpZ2h0JTNEJTIyNjAwJTIyJTIwZnJhbWVib3JkZXIlM0QlMjIwJTIyJTIwc3R5bGUlM0QlMjJib3JkZXIlM0EwJTIyJTIwYWxsb3dmdWxsc2NyZWVuJTNEJTIyJTIyJTNFJTNDJTJGaWZyYW1lJTNF&#8221; css=&#8221;.vc_custom_1528831125031{margin-right: -100px !important;margin-left: -100px !important;}&#8221;][vc_row_inner][vc_column_inner][\/vc_column_inner][\/vc_row_inner][\/vc_column][\/vc_row]<\/p>\n","protected":false},"author":1,"featured_media":0,"parent":0,"menu_order":0,"comment_status":"closed","ping_status":"open","template":"template-microsite.php","meta":[],"yoast_head":"<!-- This site is optimized with the Yoast SEO Premium plugin v16.4 (Yoast SEO v16.4) - https:\/\/yoast.com\/wordpress\/plugins\/seo\/ -->\n<title>Kontakty - Centrum obs\u0142ugi samochod\u00f3w Dukatoil - Auto Serwis | Stacja obs\u0142ugi: wymiana oleju w silniku, automatyczna skrzynia bieg\u00f3w, manualna skrzynia bieg\u00f3w<\/title>\n<meta name=\"description\" content=\"\u27a4 Nasze kontakty - stacja serwisowa Ducatoil czeka na Ciebie. Tel. 050 150 55 00. \u0141uck \u2705 Przyst\u0119pne ceny \u2705 Profesjonalny sprz\u0119t i wykwalifikowany personel\" \/>\n<meta name=\"robots\" content=\"index, follow, max-snippet:-1, max-image-preview:large, max-video-preview:-1\" \/>\n<link rel=\"canonical\" href=\"https:\/\/dukatoil.com\/pl\/sto-kontakty\/\" \/>\n<meta property=\"og:locale\" content=\"pl_PL\" \/>\n<meta property=\"og:type\" content=\"article\" \/>\n<meta property=\"og:title\" content=\"Kontakty - Centrum obs\u0142ugi samochod\u00f3w Dukatoil - Auto Serwis | Stacja obs\u0142ugi: wymiana oleju w silniku, automatyczna skrzynia bieg\u00f3w, manualna skrzynia bieg\u00f3w\" \/>\n<meta property=\"og:description\" content=\"\u27a4 Nasze kontakty - stacja serwisowa Ducatoil czeka na Ciebie. Tel. 050 150 55 00. \u0141uck \u2705 Przyst\u0119pne ceny \u2705 Profesjonalny sprz\u0119t i wykwalifikowany personel\" \/>\n<meta property=\"og:url\" content=\"https:\/\/dukatoil.com\/pl\/sto-kontakty\/\" \/>\n<meta property=\"og:site_name\" content=\"Auto Serwis | Stacja obs\u0142ugi: wymiana oleju w silniku, automatyczna skrzynia bieg\u00f3w, manualna skrzynia bieg\u00f3w\" \/>\n<meta property=\"article:publisher\" content=\"https:\/\/www.facebook.com\/dukatoil\" \/>\n<meta property=\"article:modified_time\" content=\"2023-06-30T12:38:34+00:00\" \/>\n<meta property=\"og:image\" content=\"https:\/\/dukatoil.com\/wp-content\/uploads\/2021\/06\/logodukatoil.png\" \/>\n\t<meta property=\"og:image:width\" content=\"1200\" \/>\n\t<meta property=\"og:image:height\" content=\"630\" \/>\n<meta name=\"twitter:card\" content=\"summary_large_image\" \/>\n<meta name=\"twitter:label1\" content=\"Szacowany czas czytania\" \/>\n\t<meta name=\"twitter:data1\" content=\"1 minuta\" \/>\n<script type=\"application\/ld+json\" class=\"yoast-schema-graph\">{\"@context\":\"https:\/\/schema.org\",\"@graph\":[{\"@type\":\"WebSite\",\"@id\":\"https:\/\/dukatoil.com\/pl\/#website\",\"url\":\"https:\/\/dukatoil.com\/pl\/\",\"name\":\"Auto Serwis | Stacja obs\\u0142ugi: wymiana oleju w silniku, automatyczna skrzynia bieg\\u00f3w, manualna skrzynia bieg\\u00f3w\",\"description\":\"Auto Serwis | Stacja obs\\u0142ugi: wymiana oleju w silniku, automatyczna skrzynia bieg\\u00f3w, manualna skrzynia bieg\\u00f3w\",\"potentialAction\":[{\"@type\":\"SearchAction\",\"target\":\"https:\/\/dukatoil.com\/pl\/?s={search_term_string}\",\"query-input\":\"required name=search_term_string\"}],\"inLanguage\":\"pl-PL\"},{\"@type\":\"WebPage\",\"@id\":\"https:\/\/dukatoil.com\/pl\/sto-kontakty\/#webpage\",\"url\":\"https:\/\/dukatoil.com\/pl\/sto-kontakty\/\",\"name\":\"Kontakty - Centrum obs\\u0142ugi samochod\\u00f3w Dukatoil - Auto Serwis | Stacja obs\\u0142ugi: wymiana oleju w silniku, automatyczna skrzynia bieg\\u00f3w, manualna skrzynia bieg\\u00f3w\",\"isPartOf\":{\"@id\":\"https:\/\/dukatoil.com\/pl\/#website\"},\"datePublished\":\"2021-05-07T14:52:37+00:00\",\"dateModified\":\"2023-06-30T12:38:34+00:00\",\"description\":\"\\u27a4 Nasze kontakty - stacja serwisowa Ducatoil czeka na Ciebie. Tel. 050 150 55 00. \\u0141uck \\u2705 Przyst\\u0119pne ceny \\u2705 Profesjonalny sprz\\u0119t i wykwalifikowany personel\",\"breadcrumb\":{\"@id\":\"https:\/\/dukatoil.com\/pl\/sto-kontakty\/#breadcrumb\"},\"inLanguage\":\"pl-PL\",\"potentialAction\":[{\"@type\":\"ReadAction\",\"target\":[\"https:\/\/dukatoil.com\/pl\/sto-kontakty\/\"]}]},{\"@type\":\"BreadcrumbList\",\"@id\":\"https:\/\/dukatoil.com\/pl\/sto-kontakty\/#breadcrumb\",\"itemListElement\":[{\"@type\":\"ListItem\",\"position\":1,\"item\":{\"@id\":\"https:\/\/dukatoil.com\/pl\/sto-kontakty\/#webpage\"}}]}]}<\/script>\n<!-- \/ Yoast SEO Premium plugin. -->","_links":{"self":[{"href":"https:\/\/dukatoil.com\/pl\/wp-json\/wp\/v2\/pages\/2967"}],"collection":[{"href":"https:\/\/dukatoil.com\/pl\/wp-json\/wp\/v2\/pages"}],"about":[{"href":"https:\/\/dukatoil.com\/pl\/wp-json\/wp\/v2\/types\/page"}],"author":[{"embeddable":true,"href":"https:\/\/dukatoil.com\/pl\/wp-json\/wp\/v2\/users\/1"}],"replies":[{"embeddable":true,"href":"https:\/\/dukatoil.com\/pl\/wp-json\/wp\/v2\/comments?post=2967"}],"version-history":[{"count":4,"href":"https:\/\/dukatoil.com\/pl\/wp-json\/wp\/v2\/pages\/2967\/revisions"}],"predecessor-version":[{"id":3056,"href":"https:\/\/dukatoil.com\/pl\/wp-json\/wp\/v2\/pages\/2967\/revisions\/3056"}],"wp:attachment":[{"href":"https:\/\/dukatoil.com\/pl\/wp-json\/wp\/v2\/media?parent=2967"}],"curies":[{"name":"wp","href":"https:\/\/api.w.org\/{rel}","templated":true}]}}