{"id":2869,"date":"2021-08-09T12:55:22","date_gmt":"2021-08-09T12:55:22","guid":{"rendered":"https:\/\/dukatoil.com\/zamina-remenya-grm\/"},"modified":"2023-07-12T16:22:44","modified_gmt":"2023-07-12T16:22:44","slug":"zamina-remenya-grm","status":"publish","type":"page","link":"https:\/\/dukatoil.com\/pl\/zamina-remenya-grm\/","title":{"rendered":"Wymiana paska rozrz\u0105du"},"content":{"rendered":"<p>[vc_row css=&#8221;.vc_custom_1608712755059{margin-top: 40px !important;}&#8221;][vc_column]<div id=\"ultimate-heading-814769e7c2a0cc68c\" class=\"uvc-heading ult-adjust-bottom-margin ultimate-heading-814769e7c2a0cc68c uvc-4543 \" data-hspacer=\"no_spacer\"  data-halign=\"left\" style=\"text-align:left\"><div class=\"uvc-heading-spacer no_spacer\" style=\"top\"><\/div><div class=\"uvc-main-heading ult-responsive\"  data-ultimate-target='.uvc-heading.ultimate-heading-814769e7c2a0cc68c h1'  data-responsive-json-new='{\"font-size\":\"desktop:40px;\",\"line-height\":\"desktop:50px;\"}' ><h1 style=\"font-family:&#039;Oswald&#039;;font-weight:bold;color:#000000;margin-bottom:30px;\">Wymiana paska rozrz\u0105du<\/h1><\/div><\/div>[\/vc_column][vc_column width=&#8221;1\/2&#8243;]<div id=\"ultimate-heading-411769e7c2a0cc6f1\" class=\"uvc-heading ult-adjust-bottom-margin ultimate-heading-411769e7c2a0cc6f1 uvc-6282 \" data-hspacer=\"no_spacer\"  data-halign=\"left\" style=\"text-align:left\"><div class=\"uvc-heading-spacer no_spacer\" style=\"top\"><\/div><div class=\"uvc-main-heading ult-responsive\"  data-ultimate-target='.uvc-heading.ultimate-heading-411769e7c2a0cc6f1 h2'  data-responsive-json-new='{\"font-size\":\"desktop:32px;\",\"line-height\":\"desktop:40px;\"}' ><h2 style=\"font-family:&#039;Oswald&#039;;font-weight:bold;color:#50b033;margin-bottom:10px;\">Kiedy nale\u017cy wymieni\u0107 pasek rozrz\u0105du?<\/h2><\/div><div class=\"uvc-sub-heading ult-responsive\"  data-ultimate-target='.uvc-heading.ultimate-heading-411769e7c2a0cc6f1 .uvc-sub-heading '  data-responsive-json-new='{\"font-size\":\"desktop:32px;\",\"line-height\":\"desktop:40px;\"}'  style=\"font-family:&#039;Oswald&#039;;font-weight:bold;color:#50b033;margin-bottom:10px;\"><strong>co 60 000 km<\/strong><\/div><\/div><div class=\"aio-icon-component    style_1\"><div id=\"Info-box-wrap-9061\" class=\"aio-icon-box default-icon\" style=\"\"  ><div class=\"aio-icon-description ult-responsive\"  data-ultimate-target='#Info-box-wrap-9061 .aio-icon-description'  data-responsive-json-new='{\"font-size\":\"\",\"line-height\":\"\"}'  style=\"\"><b>W zale\u017cno\u015bci od warunk\u00f3w eksploatacji, okresy mi\u0119dzy wymianami paska rozrz\u0105du mog\u0105 si\u0119 r\u00f3\u017cni\u0107.<\/b><\/div> <!-- description --><\/div> <!-- aio-icon-box --><\/div> <!-- aio-icon-component --><div class=\"aio-icon-component    style_1\"><div id=\"Info-box-wrap-4254\" class=\"aio-icon-box default-icon\" style=\"\"  ><div class=\"aio-icon-default\"><div class=\"ult-just-icon-wrapper  \"><div class=\"align-icon\" style=\"text-align:center;\">\n<div class=\"aio-icon none \"  style=\"color:#50b033;font-size:22px;display:inline-block;\">\n\t<i class=\"Defaults-tags\"><\/i>\n<\/div><\/div><\/div><\/div><div class=\"aio-icon-header\" ><h3 class=\"aio-icon-title ult-responsive\"  data-ultimate-target='#Info-box-wrap-4254 .aio-icon-title'  data-responsive-json-new='{\"font-size\":\"desktop:22px;\",\"line-height\":\"\"}'  style=\"\">Cena:<\/h3><\/div> <!-- header --><div class=\"aio-icon-description ult-responsive\"  data-ultimate-target='#Info-box-wrap-4254 .aio-icon-description'  data-responsive-json-new='{\"font-size\":\"\",\"line-height\":\"\"}'  style=\"\"><strong>Wymiana paska rozrz\u0105du &#8211; 1800 &#8211; 2500 UAH<br \/>\nWymiana paska dodatkowych jednostek &#8211; od 100 UAH<br \/>\n<\/strong><span style=\"font-weight: 400;\"><br \/>\n<\/span><\/div> <!-- description --><\/div> <!-- aio-icon-box --><\/div> <!-- aio-icon-component --><div class=\"aio-icon-component    style_1\"><div id=\"Info-box-wrap-8840\" class=\"aio-icon-box default-icon\" style=\"\"  ><div class=\"aio-icon-default\"><div class=\"ult-just-icon-wrapper  \"><div class=\"align-icon\" style=\"text-align:center;\">\n<div class=\"aio-icon none \"  style=\"color:#50b033;font-size:22px;display:inline-block;\">\n\t<i class=\"Defaults-clock-o\"><\/i>\n<\/div><\/div><\/div><\/div><div class=\"aio-icon-header\" ><h3 class=\"aio-icon-title ult-responsive\"  data-ultimate-target='#Info-box-wrap-8840 .aio-icon-title'  data-responsive-json-new='{\"font-size\":\"\",\"line-height\":\"\"}'  style=\"\">Czas wykonania us\u0142ugi:<\/h3><\/div> <!-- header --><div class=\"aio-icon-description ult-responsive\"  data-ultimate-target='#Info-box-wrap-8840 .aio-icon-description'  data-responsive-json-new='{\"font-size\":\"\",\"line-height\":\"\"}'  style=\"\"><strong>2-6 godzin &#8211;<\/strong> Trwa wymiana paska rozrz\u0105du<\/div> <!-- description --><\/div> <!-- aio-icon-box --><\/div> <!-- aio-icon-component -->[\/vc_column][vc_column width=&#8221;1\/2&#8243;][vc_single_image image=&#8221;2144&#8243; img_size=&#8221;large&#8221;][\/vc_column][\/vc_row][vc_row equal_height=&#8221;yes&#8221; type=&#8221;vc_default&#8221;][vc_column][vc_separator][\/vc_column][vc_column width=&#8221;1\/2&#8243;]<div class=\"aio-icon-component    style_1\"><div id=\"Info-box-wrap-5807\" class=\"aio-icon-box default-icon\" style=\"\"  ><div class=\"aio-icon-header\" ><h2 class=\"aio-icon-title ult-responsive\"  data-ultimate-target='#Info-box-wrap-5807 .aio-icon-title'  data-responsive-json-new='{\"font-size\":\"\",\"line-height\":\"\"}'  style=\"font-family:&#039;Oswald&#039;;\">Wymiana paska rozrz\u0105du<\/h2><\/div> <!-- header --><div class=\"aio-icon-description ult-responsive\"  data-ultimate-target='#Info-box-wrap-5807 .aio-icon-description'  data-responsive-json-new='{\"font-size\":\"\",\"line-height\":\"\"}'  style=\"\"><span style=\"font-weight: 400;\">Pasek rozrz\u0105du nale\u017cy wymienia\u0107 co 60 000 km. lub co dwa lata, poniewa\u017c pasek jest wykonany z gumy i ulega zu\u017cyciu. \u0141a\u0144cuch rozrz\u0105du ma znacznie d\u0142u\u017csz\u0105 \u017cywotno\u015b\u0107 i powinien by\u0107 wymieniany co 250 000 do 300 000 km.<\/span><span style=\"font-weight: 400;\"><br \/>\n<\/span><span style=\"font-weight: 400;\">Podczas wymiany paska rozrz\u0105du nale\u017cy r\u00f3wnie\u017c wymieni\u0107 uszczelki wa\u0142u korbowego i wa\u0142ka rozrz\u0105du, a tak\u017ce pomp\u0119 uk\u0142adu ch\u0142odzenia (pomp\u0119), je\u015bli jest nap\u0119dzana tym paskiem. W przypadku przedwczesnej wymiany paska rozrz\u0105du mo\u017ce on p\u0119kn\u0105\u0107 lub przeskoczy\u0107 o kilka z\u0119b\u00f3w, co prowadzi do awarii silnika i p\u00f3\u017aniejszych kosztownych napraw. <\/span><span style=\"font-weight: 400;\"><br \/>\n<\/span><\/div> <!-- description --><\/div> <!-- aio-icon-box --><\/div> <!-- aio-icon-component -->[\/vc_column][vc_column width=&#8221;1\/2&#8243;][vc_single_image image=&#8221;2116&#8243; img_size=&#8221;large&#8221;][\/vc_column][\/vc_row][vc_row equal_height=&#8221;yes&#8221; type=&#8221;vc_default&#8221;][vc_column][vc_separator]<div class=\"aio-icon-component    style_1\"><div id=\"Info-box-wrap-9298\" class=\"aio-icon-box default-icon\" style=\"\"  ><div class=\"aio-icon-header\" ><h2 class=\"aio-icon-title ult-responsive\"  data-ultimate-target='#Info-box-wrap-9298 .aio-icon-title'  data-responsive-json-new='{\"font-size\":\"\",\"line-height\":\"\"}'  style=\"font-family:&#039;Oswald&#039;;\">Pasek rozrz\u0105du<\/h2><\/div> <!-- header --><div class=\"aio-icon-description ult-responsive\"  data-ultimate-target='#Info-box-wrap-9298 .aio-icon-description'  data-responsive-json-new='{\"font-size\":\"\",\"line-height\":\"\"}'  style=\"\"><span class=\"Y2IQFc\" lang=\"uk\">Mechanizm dystrybucji gazu reguluje terminowe uwalnianie spalin i wtrysk mieszanki paliwowo-powietrznej.<br \/>\n<\/span>Dzi\u0119ki udoskonaleniu materia\u0142\u00f3w i konstrukcji paska rozrz\u0105du, okresy mi\u0119dzy wymianami paska rozrz\u0105du zosta\u0142y znacznie wyd\u0142u\u017cone. W rezultacie, planowa wymiana paska rozrz\u0105du przekszta\u0142ci\u0142a si\u0119 w kompleksow\u0105 us\u0142ug\u0119 dla ca\u0142ego nap\u0119du rozrz\u0105du, kt\u00f3ra nie ogranicza si\u0119 wy\u0142\u0105cznie do wymiany paska rozrz\u0105du.<br \/>\nZaplanowana wymiana paska rozrz\u0105du jest niezwykle wa\u017cna, aby zapobiec jego awarii i powa\u017cnym uszkodzeniom silnika.<\/div> <!-- description --><\/div> <!-- aio-icon-box --><\/div> <!-- aio-icon-component -->[\/vc_column][\/vc_row][vc_row css=&#8221;.vc_custom_1528824015944{margin-top: 20px !important;margin-bottom: 20px !important;}&#8221;][vc_column][vc_separator el_width=&#8221;80&#8243;][\/vc_column][\/vc_row][vc_row equal_height=&#8221;yes&#8221; type=&#8221;vc_default&#8221;][vc_column width=&#8221;1\/2&#8243;]<div class=\"aio-icon-component    style_1\"><div id=\"Info-box-wrap-3935\" class=\"aio-icon-box default-icon\" style=\"\"  ><div class=\"aio-icon-header\" ><h2 class=\"aio-icon-title ult-responsive\"  data-ultimate-target='#Info-box-wrap-3935 .aio-icon-title'  data-responsive-json-new='{\"font-size\":\"\",\"line-height\":\"\"}'  style=\"font-family:&#039;Oswald&#039;;\">Wymiana pask\u00f3w jednostek opcjonalnych<\/h2><\/div> <!-- header --><div class=\"aio-icon-description ult-responsive\"  data-ultimate-target='#Info-box-wrap-3935 .aio-icon-description'  data-responsive-json-new='{\"font-size\":\"\",\"line-height\":\"\"}'  style=\"\"><span style=\"font-weight: 400;\">Paski pomocnicze to paski nap\u0119dowe, kt\u00f3re nap\u0119dzaj\u0105 mechanizmy uk\u0142ad\u00f3w pomocniczych silnika, takich jak pompa (<\/span><span style=\"font-weight: 400;\">jest potrzebny do cyrkulacji p\u0142ynu ch\u0142odz\u0105cego w uk\u0142adzie ch\u0142odzenia silnika), generator (<\/span><span style=\"font-weight: 400;\">s\u0142u\u017cy do zasilania wszystkich odbiornik\u00f3w i \u0142adowania akumulatora przy \u015brednich i wysokich pr\u0119dko\u015bciach obrotowych wa\u0142u korbowego). Zu\u017cycie paska jednej z jednostek pomocniczych ma bezpo\u015bredni wp\u0142yw na osi\u0105gi silnika, skracaj\u0105c jego \u017cywotno\u015b\u0107.<\/span><\/p>\n<p>&nbsp;<\/p>\n<p><\/div> <!-- description --><\/div> <!-- aio-icon-box --><\/div> <!-- aio-icon-component --><div class=\"standard-arrow bullet-top\"><p><b>Negatywne konsekwencje przedwczesnej wymiany paska rozrz\u0105du:<\/b><\/p>\n<ul>\n<li style=\"font-weight: 400;\"><span style=\"font-weight: 400;\">deformacja zaworu<\/span><\/li>\n<li style=\"font-weight: 400;\"><span style=\"font-weight: 400;\">przebicie g\u00f3rnej cz\u0119\u015bci t\u0142oka<\/span><\/li>\n<li style=\"font-weight: 400;\"><span style=\"font-weight: 400;\">Awaria wa\u0142ka rozrz\u0105du<\/span><\/li>\n<li style=\"font-weight: 400;\"><span style=\"font-weight: 400;\">dekompresja silnika<\/span><\/li>\n<\/ul>\n<\/div>[\/vc_column][vc_column width=&#8221;1\/2&#8243;][vc_single_image image=&#8221;2155&#8243; img_size=&#8221;large&#8221;][\/vc_column][\/vc_row][vc_row css=&#8221;.vc_custom_1528824015944{margin-top: 20px !important;margin-bottom: 20px !important;}&#8221;][vc_column][vc_separator el_width=&#8221;80&#8243;][\/vc_column][\/vc_row][vc_row equal_height=&#8221;yes&#8221; type=&#8221;vc_default&#8221;][vc_column][\/vc_column][\/vc_row][vc_row equal_height=&#8221;yes&#8221; type=&#8221;vc_default&#8221;][vc_column][\/vc_column][\/vc_row][vc_row css=&#8221;.vc_custom_1528824015944{margin-top: 20px !important;margin-bottom: 20px !important;}&#8221;][vc_column width=&#8221;1\/2&#8243;]<div id=\"ultimate-heading-859369e7c2a0ccbbb\" class=\"uvc-heading ult-adjust-bottom-margin ultimate-heading-859369e7c2a0ccbbb uvc-2811 accent-title-color color-title\" data-hspacer=\"no_spacer\"  data-halign=\"left\" style=\"text-align:left\"><div class=\"uvc-heading-spacer no_spacer\" style=\"top\"><\/div><div class=\"uvc-main-heading ult-responsive\"  data-ultimate-target='.uvc-heading.ultimate-heading-859369e7c2a0ccbbb h2'  data-responsive-json-new='{\"font-size\":\"desktop:40px;\",\"line-height\":\"desktop:50px;\"}' ><h2 style=\"font-family:&#039;Oswald&#039;;font-weight:bold;color:#000000;margin-bottom:10px;\">WYKWALIFIKOWANY PERSONEL<\/h2><\/div><\/div><div class=\"aio-icon-component    style_1\"><div id=\"Info-box-wrap-5970\" class=\"aio-icon-box default-icon\" style=\"\"  ><div class=\"aio-icon-description ult-responsive\"  data-ultimate-target='#Info-box-wrap-5970 .aio-icon-description'  data-responsive-json-new='{\"font-size\":\"\",\"line-height\":\"\"}'  style=\"\">W serwisie samochodowym \/ stacji obs\u0142ugi Ducatoil zawsze otrzymasz kompleksowe porady dotycz\u0105ce wyboru \u015brodk\u00f3w smarnych i konserwacji samochodu. Prace konserwacyjne samochodu b\u0119d\u0105 wykonywane wy\u0142\u0105cznie przez wysoko wykwalifikowanych mechanik\u00f3w.<\/div> <!-- description --><\/div> <!-- aio-icon-box --><\/div> <!-- aio-icon-component -->[\/vc_column][vc_column width=&#8221;1\/2&#8243;]<div id=\"ultimate-heading-44769e7c2a0ccc65\" class=\"uvc-heading ult-adjust-bottom-margin ultimate-heading-44769e7c2a0ccc65 uvc-8981 accent-title-color color-title\" data-hspacer=\"no_spacer\"  data-halign=\"left\" style=\"text-align:left\"><div class=\"uvc-heading-spacer no_spacer\" style=\"top\"><\/div><div class=\"uvc-main-heading ult-responsive\"  data-ultimate-target='.uvc-heading.ultimate-heading-44769e7c2a0ccc65 h2'  data-responsive-json-new='{\"font-size\":\"desktop:40px;\",\"line-height\":\"desktop:50px;\"}' ><h2 style=\"font-family:&#039;Oswald&#039;;font-weight:bold;margin-bottom:10px;\">PROFESJONALNY SPRZ\u0118T<\/h2><\/div><\/div><div class=\"aio-icon-component    style_1\"><div id=\"Info-box-wrap-5683\" class=\"aio-icon-box default-icon\" style=\"\"  ><div class=\"aio-icon-description ult-responsive\"  data-ultimate-target='#Info-box-wrap-5683 .aio-icon-description'  data-responsive-json-new='{\"font-size\":\"\",\"line-height\":\"\"}'  style=\"\">Pracujemy wy\u0142\u0105cznie na profesjonalnym sprz\u0119cie dla serwis\u00f3w samochodowych. Dzi\u0119ki temu nasi mechanicy s\u0105 w stanie wykona\u0107 niezb\u0119dne prace w najkr\u00f3tszym mo\u017cliwym czasie na niemal wszystkich typach pojazd\u00f3w.<\/div> <!-- description --><\/div> <!-- aio-icon-box --><\/div> <!-- aio-icon-component -->[\/vc_column][\/vc_row][vc_row equal_height=&#8221;yes&#8221; bg_type=&#8221;image&#8221; parallax_style=&#8221;vcpb-default&#8221; bg_image_new=&#8221;id^940|url^http:\/\/wordpress1776411.home.pl\/autoinstalator\/wordpressplus9\/wp-content\/uploads\/2018\/06\/race.jpg|caption^null|alt^null|title^race|description^null&#8221; bg_override=&#8221;ex-full&#8221; type=&#8221;vc_default&#8221; css=&#8221;.vc_custom_1602773012697{margin-top: 40px !important;}&#8221; el_id=&#8221;contact&#8221;][vc_column width=&#8221;2\/3&#8243;][\/vc_column][vc_column width=&#8221;1\/3&#8243;]<div id=\"ultimate-heading-834069e7c2a0ccd04\" class=\"uvc-heading ult-adjust-bottom-margin ultimate-heading-834069e7c2a0ccd04 uvc-7302 accent-title-color color-title\" data-hspacer=\"no_spacer\"  data-halign=\"left\" style=\"text-align:left\"><div class=\"uvc-heading-spacer no_spacer\" style=\"top\"><\/div><div class=\"uvc-sub-heading ult-responsive\"  data-ultimate-target='.uvc-heading.ultimate-heading-834069e7c2a0ccd04 .uvc-sub-heading '  data-responsive-json-new='{\"font-size\":\"desktop:40px;\",\"line-height\":\"desktop:50px;\"}'  style=\"font-family:&#039;Oswald&#039;;font-weight:bold;color:#ffffff;margin-top:60px;margin-bottom:10px;\">CZEKAMY NA CIEBIE<\/div><\/div><div class=\"aio-icon-component    style_1\"><div id=\"Info-box-wrap-3578\" class=\"aio-icon-box default-icon\" style=\"\"  ><div class=\"aio-icon-description ult-responsive\"  data-ultimate-target='#Info-box-wrap-3578 .aio-icon-description'  data-responsive-json-new='{\"font-size\":\"desktop:26px;\",\"line-height\":\"desktop:36px;\"}'  style=\"color:#eeee22;\"><strong>miasto \u0141uck, ul. Stusa 9<\/strong><\/div> <!-- description --><\/div> <!-- aio-icon-box --><\/div> <!-- aio-icon-component --><div id=\"ultimate-heading-322269e7c2a0ccd9f\" class=\"uvc-heading ult-adjust-bottom-margin ultimate-heading-322269e7c2a0ccd9f uvc-586 accent-title-color color-title\" data-hspacer=\"no_spacer\"  data-halign=\"left\" style=\"text-align:left\"><div class=\"uvc-heading-spacer no_spacer\" style=\"top\"><\/div><div class=\"uvc-sub-heading ult-responsive\"  data-ultimate-target='.uvc-heading.ultimate-heading-322269e7c2a0ccd9f .uvc-sub-heading '  data-responsive-json-new='{\"font-size\":\"desktop:50px;\",\"line-height\":\"desktop:60px;\"}'  style=\"font-family:&#039;Oswald&#039;;font-weight:bold;color:#ffffff;margin-bottom:40px;\">050 150 55 00<\/div><\/div><div class=\"aio-icon-component  vc_custom_1607171617403   style_1\"><div id=\"Info-box-wrap-1860\" class=\"aio-icon-box default-icon\" style=\"\"  ><div class=\"aio-icon-description ult-responsive\"  data-ultimate-target='#Info-box-wrap-1860 .aio-icon-description'  data-responsive-json-new='{\"font-size\":\"desktop:22px;\",\"line-height\":\"desktop:36px;\"}'  style=\"color:#ffffff;\"><strong>8:00 &#8211; 20:00 &#8211; Poniedzia\u0142ek<br \/>\n8:00 &#8211; 20:00 &#8211; Wtorek<br \/>\n8:00 &#8211; 20:00 &#8211; \u015aroda<br \/>\n8:00 &#8211; 20:00 &#8211; Czwartek<br \/>\n8:00 &#8211; 20:00 &#8211; Pi\u0105tek<br \/>\n8:00 &#8211; 15:30 &#8211; Sobota<br \/>\nDzie\u0144 wolny &#8211; Niedziela<br \/>\n<\/strong><\/div> <!-- description --><\/div> <!-- aio-icon-box --><\/div> <!-- aio-icon-component -->[\/vc_column][\/vc_row][vc_row equal_height=&#8221;yes&#8221; type=&#8221;vc_default&#8221; css=&#8221;.vc_custom_1521675338710{margin-top: 40px !important;}&#8221;][vc_column]<div id=\"ultimate-heading-109669e7c2a0cce39\" class=\"uvc-heading ult-adjust-bottom-margin ultimate-heading-109669e7c2a0cce39 uvc-9986 accent-title-color color-title\" data-hspacer=\"no_spacer\"  data-halign=\"center\" style=\"text-align:center\"><div class=\"uvc-heading-spacer no_spacer\" style=\"top\"><\/div><div class=\"uvc-main-heading ult-responsive\"  data-ultimate-target='.uvc-heading.ultimate-heading-109669e7c2a0cce39 h2'  data-responsive-json-new='{\"font-size\":\"desktop:40px;\",\"line-height\":\"desktop:50px;\"}' ><h2 style=\"font-family:&#039;Oswald&#039;;font-weight:bold;margin-bottom:20px;\">Serwis samochodowy \/ stacja obs\u0142ugi w \u0141ucku<\/h2><\/div><\/div>[\/vc_column][\/vc_row][vc_row equal_height=&#8221;yes&#8221; type=&#8221;vc_default&#8221; css=&#8221;.vc_custom_1521675338710{margin-top: 40px !important;}&#8221;][vc_column][vc_gmaps link=&#8221;#E-8_JTNDaWZyYW1lJTIwc3JjJTNEJTIyaHR0cHMlM0ElMkYlMkZ3d3cuZ29vZ2xlLmNvbSUyRm1hcHMlMkZlbWJlZCUzRnBiJTNEJTIxMW0xOCUyMTFtMTIlMjExbTMlMjExZDI1MjIuODE0OTk2NjYyNjMxJTIxMmQyNS4zNDk3ODIyMTU2NjAwNDYlMjEzZDUwLjc3OTAwMjk3OTUyMjEzJTIxMm0zJTIxMWYwJTIxMmYwJTIxM2YwJTIxM20yJTIxMWkxMDI0JTIxMmk3NjglMjE0ZjEzLjElMjEzbTMlMjExbTIlMjExczB4NDcyNTk5ZWYzMGM1YzhjMyUyNTNBMHg0MGQ0N2RmMDE0NDUyNTMwJTIxMnNEdWthdG9pbCUyMTVlMCUyMTNtMiUyMTFzcGwlMjEyc3VhJTIxNHYxNTIxNjc4MTg4Nzk2JTIyJTIwd2lkdGglM0QlMjIxNDAwJTIyJTIwaGVpZ2h0JTNEJTIyNjAwJTIyJTIwZnJhbWVib3JkZXIlM0QlMjIwJTIyJTIwc3R5bGUlM0QlMjJib3JkZXIlM0EwJTIyJTIwYWxsb3dmdWxsc2NyZWVuJTNEJTIyJTIyJTNFJTNDJTJGaWZyYW1lJTNF&#8221; css=&#8221;.vc_custom_1528831125031{margin-right: -100px !important;margin-left: -100px !important;}&#8221;][vc_row_inner][vc_column_inner][\/vc_column_inner][\/vc_row_inner][\/vc_column][\/vc_row]<\/p>\n","protected":false},"excerpt":{"rendered":"<p>[vc_row css=&#8221;.vc_custom_1608712755059{margin-top: 40px !important;}&#8221;][vc_column][\/vc_column][vc_column width=&#8221;1\/2&#8243;][\/vc_column][vc_column width=&#8221;1\/2&#8243;][vc_single_image image=&#8221;2144&#8243; img_size=&#8221;large&#8221;][\/vc_column][\/vc_row][vc_row equal_height=&#8221;yes&#8221; type=&#8221;vc_default&#8221;][vc_column][vc_separator][\/vc_column][vc_column width=&#8221;1\/2&#8243;][\/vc_column][vc_column width=&#8221;1\/2&#8243;][vc_single_image image=&#8221;2116&#8243; img_size=&#8221;large&#8221;][\/vc_column][\/vc_row][vc_row equal_height=&#8221;yes&#8221; type=&#8221;vc_default&#8221;][vc_column][vc_separator][\/vc_column][\/vc_row][vc_row css=&#8221;.vc_custom_1528824015944{margin-top: 20px !important;margin-bottom: 20px !important;}&#8221;][vc_column][vc_separator el_width=&#8221;80&#8243;][\/vc_column][\/vc_row][vc_row equal_height=&#8221;yes&#8221; type=&#8221;vc_default&#8221;][vc_column width=&#8221;1\/2&#8243;][\/vc_column][vc_column width=&#8221;1\/2&#8243;][vc_single_image image=&#8221;2155&#8243; img_size=&#8221;large&#8221;][\/vc_column][\/vc_row][vc_row css=&#8221;.vc_custom_1528824015944{margin-top: 20px !important;margin-bottom: 20px !important;}&#8221;][vc_column][vc_separator el_width=&#8221;80&#8243;][\/vc_column][\/vc_row][vc_row equal_height=&#8221;yes&#8221; type=&#8221;vc_default&#8221;][vc_column][\/vc_column][\/vc_row][vc_row equal_height=&#8221;yes&#8221; type=&#8221;vc_default&#8221;][vc_column][\/vc_column][\/vc_row][vc_row css=&#8221;.vc_custom_1528824015944{margin-top: 20px !important;margin-bottom: 20px !important;}&#8221;][vc_column width=&#8221;1\/2&#8243;][\/vc_column][vc_column width=&#8221;1\/2&#8243;][\/vc_column][\/vc_row][vc_row equal_height=&#8221;yes&#8221; bg_type=&#8221;image&#8221; parallax_style=&#8221;vcpb-default&#8221; bg_image_new=&#8221;id^940|url^http:\/\/wordpress1776411.home.pl\/autoinstalator\/wordpressplus9\/wp-content\/uploads\/2018\/06\/race.jpg|caption^null|alt^null|title^race|description^null&#8221; bg_override=&#8221;ex-full&#8221; type=&#8221;vc_default&#8221; css=&#8221;.vc_custom_1602773012697{margin-top: 40px !important;}&#8221; el_id=&#8221;contact&#8221;][vc_column&hellip;<\/p>\n","protected":false},"author":2,"featured_media":0,"parent":0,"menu_order":0,"comment_status":"closed","ping_status":"open","template":"template-microsite.php","meta":[],"yoast_head":"<!-- This site is optimized with the Yoast SEO Premium plugin v16.4 (Yoast SEO v16.4) - https:\/\/yoast.com\/wordpress\/plugins\/seo\/ -->\n<title>Wymiana paska rozrz\u0105du - Auto Serwis | Stacja obs\u0142ugi: wymiana oleju w silniku, automatyczna skrzynia bieg\u00f3w, manualna skrzynia bieg\u00f3w<\/title>\n<meta name=\"description\" content=\"\u27a4 Wymiana paska rozrz\u0105du: zapewnij sprawn\u0105 prac\u0119 silnika. Zam\u00f3w profesjonaln\u0105 us\u0142ug\u0119 i utrzymuj optymaln\u0105 wydajno\u015b\u0107 swojego samochodu. \u27a4 \u0141uck \u2705 Certyfikowane produkty, gwarancja jako\u015bci\" \/>\n<meta name=\"robots\" content=\"index, follow, max-snippet:-1, max-image-preview:large, max-video-preview:-1\" \/>\n<link rel=\"canonical\" href=\"https:\/\/dukatoil.com\/pl\/zamina-remenya-grm\/\" \/>\n<meta property=\"og:locale\" content=\"pl_PL\" \/>\n<meta property=\"og:type\" content=\"article\" \/>\n<meta property=\"og:title\" content=\"Wymiana paska rozrz\u0105du - Auto Serwis | Stacja obs\u0142ugi: wymiana oleju w silniku, automatyczna skrzynia bieg\u00f3w, manualna skrzynia bieg\u00f3w\" \/>\n<meta property=\"og:description\" content=\"\u27a4 Wymiana paska rozrz\u0105du: zapewnij sprawn\u0105 prac\u0119 silnika. Zam\u00f3w profesjonaln\u0105 us\u0142ug\u0119 i utrzymuj optymaln\u0105 wydajno\u015b\u0107 swojego samochodu. \u27a4 \u0141uck \u2705 Certyfikowane produkty, gwarancja jako\u015bci\" \/>\n<meta property=\"og:url\" content=\"https:\/\/dukatoil.com\/pl\/zamina-remenya-grm\/\" \/>\n<meta property=\"og:site_name\" content=\"Auto Serwis | Stacja obs\u0142ugi: wymiana oleju w silniku, automatyczna skrzynia bieg\u00f3w, manualna skrzynia bieg\u00f3w\" \/>\n<meta property=\"article:publisher\" content=\"https:\/\/www.facebook.com\/dukatoil\" \/>\n<meta property=\"article:modified_time\" content=\"2023-07-12T16:22:44+00:00\" \/>\n<meta property=\"og:image\" content=\"https:\/\/dukatoil.com\/wp-content\/uploads\/2021\/06\/logodukatoil.png\" \/>\n\t<meta property=\"og:image:width\" content=\"1200\" \/>\n\t<meta property=\"og:image:height\" content=\"630\" \/>\n<meta name=\"twitter:card\" content=\"summary_large_image\" \/>\n<meta name=\"twitter:label1\" content=\"Szacowany czas czytania\" \/>\n\t<meta name=\"twitter:data1\" content=\"3 minuty\" \/>\n<script type=\"application\/ld+json\" class=\"yoast-schema-graph\">{\"@context\":\"https:\/\/schema.org\",\"@graph\":[{\"@type\":\"WebSite\",\"@id\":\"https:\/\/dukatoil.com\/pl\/#website\",\"url\":\"https:\/\/dukatoil.com\/pl\/\",\"name\":\"Auto Serwis | Stacja obs\\u0142ugi: wymiana oleju w silniku, automatyczna skrzynia bieg\\u00f3w, manualna skrzynia bieg\\u00f3w\",\"description\":\"Auto Serwis | Stacja obs\\u0142ugi: wymiana oleju w silniku, automatyczna skrzynia bieg\\u00f3w, manualna skrzynia bieg\\u00f3w\",\"potentialAction\":[{\"@type\":\"SearchAction\",\"target\":\"https:\/\/dukatoil.com\/pl\/?s={search_term_string}\",\"query-input\":\"required name=search_term_string\"}],\"inLanguage\":\"pl-PL\"},{\"@type\":\"WebPage\",\"@id\":\"https:\/\/dukatoil.com\/pl\/zamina-remenya-grm\/#webpage\",\"url\":\"https:\/\/dukatoil.com\/pl\/zamina-remenya-grm\/\",\"name\":\"Wymiana paska rozrz\\u0105du - Auto Serwis | Stacja obs\\u0142ugi: wymiana oleju w silniku, automatyczna skrzynia bieg\\u00f3w, manualna skrzynia bieg\\u00f3w\",\"isPartOf\":{\"@id\":\"https:\/\/dukatoil.com\/pl\/#website\"},\"datePublished\":\"2021-08-09T12:55:22+00:00\",\"dateModified\":\"2023-07-12T16:22:44+00:00\",\"description\":\"\\u27a4 Wymiana paska rozrz\\u0105du: zapewnij sprawn\\u0105 prac\\u0119 silnika. Zam\\u00f3w profesjonaln\\u0105 us\\u0142ug\\u0119 i utrzymuj optymaln\\u0105 wydajno\\u015b\\u0107 swojego samochodu. \\u27a4 \\u0141uck \\u2705 Certyfikowane produkty, gwarancja jako\\u015bci\",\"breadcrumb\":{\"@id\":\"https:\/\/dukatoil.com\/pl\/zamina-remenya-grm\/#breadcrumb\"},\"inLanguage\":\"pl-PL\",\"potentialAction\":[{\"@type\":\"ReadAction\",\"target\":[\"https:\/\/dukatoil.com\/pl\/zamina-remenya-grm\/\"]}]},{\"@type\":\"BreadcrumbList\",\"@id\":\"https:\/\/dukatoil.com\/pl\/zamina-remenya-grm\/#breadcrumb\",\"itemListElement\":[{\"@type\":\"ListItem\",\"position\":1,\"item\":{\"@id\":\"https:\/\/dukatoil.com\/pl\/zamina-remenya-grm\/#webpage\"}}]}]}<\/script>\n<!-- \/ Yoast SEO Premium plugin. -->","_links":{"self":[{"href":"https:\/\/dukatoil.com\/pl\/wp-json\/wp\/v2\/pages\/2869"}],"collection":[{"href":"https:\/\/dukatoil.com\/pl\/wp-json\/wp\/v2\/pages"}],"about":[{"href":"https:\/\/dukatoil.com\/pl\/wp-json\/wp\/v2\/types\/page"}],"author":[{"embeddable":true,"href":"https:\/\/dukatoil.com\/pl\/wp-json\/wp\/v2\/users\/2"}],"replies":[{"embeddable":true,"href":"https:\/\/dukatoil.com\/pl\/wp-json\/wp\/v2\/comments?post=2869"}],"version-history":[{"count":6,"href":"https:\/\/dukatoil.com\/pl\/wp-json\/wp\/v2\/pages\/2869\/revisions"}],"predecessor-version":[{"id":3073,"href":"https:\/\/dukatoil.com\/pl\/wp-json\/wp\/v2\/pages\/2869\/revisions\/3073"}],"wp:attachment":[{"href":"https:\/\/dukatoil.com\/pl\/wp-json\/wp\/v2\/media?parent=2869"}],"curies":[{"name":"wp","href":"https:\/\/api.w.org\/{rel}","templated":true}]}}